{"id":810,"date":"2022-02-03T22:51:32","date_gmt":"2022-02-03T21:51:32","guid":{"rendered":"https:\/\/zavod-tri.org\/?page_id=810"},"modified":"2022-12-06T21:56:07","modified_gmt":"2022-12-06T20:56:07","slug":"famous-women-of-skofja-loka","status":"publish","type":"page","link":"https:\/\/zavod-tri.org\/en\/domov\/vkljucujoce-skupnosti\/famous-women-of-skofja-loka\/","title":{"rendered":"Famous Women of \u0160kofja Loka"},"content":{"rendered":"\n<div class=\"wp-block-stackable-heading stk-block-heading stk-block stk-01a3f02\" id=\"strong-famous-women-of-skofja-loka-strong\" data-block-id=\"01a3f02\"><h2 class=\"stk-block-heading__text\"><strong>Famous Women of \u0160kofja Loka<\/strong><\/h2><\/div>\n\n\n\n<div class=\"wp-block-stackable-heading stk-block-heading stk-block stk-08276ff\" id=\"strong-gender-equality-strong\" data-block-id=\"08276ff\"><h4 class=\"stk-block-heading__text\"><strong>Gender equality<\/strong><\/h4><\/div>\n\n\n\n<div class=\"wp-block-stackable-columns stk-block-columns stk-block stk-ec17e51\" data-block-id=\"ec17e51\"><div class=\"stk-row stk-inner-blocks stk-block-content stk-content-align stk-ec17e51-column\">\n<div class=\"wp-block-stackable-column stk-block-column stk-block-column--v2 stk-column stk-block stk-d0a4d50\" data-block-id=\"d0a4d50\"><style>@media screen and (min-width:768px){.stk-d0a4d50{flex:1 1 calc(60.9% - var(--stk-column-gap,0px) * 1 \/ 2 ) !important}}<\/style><div class=\"stk-column-wrapper stk-block-column__content stk-container stk-d0a4d50-container stk--no-background stk--no-padding\"><div class=\"stk-block-content stk-inner-blocks stk-d0a4d50-inner-blocks\">\n<div class=\"wp-block-stackable-text stk-block-text stk-block stk-1b51f5d\" data-block-id=\"1b51f5d\"><p class=\"stk-block-text__text\"><span style=\"color: #000000;\" class=\"stk-highlight\">In 2015, we set up an art installation as part of the project entitled Boulevard of the Famous Women of \u0160kofja Loka, to draw attention to the issue of unequal representation of women in the public sphere. We wanted to hold up a mirror to a society that erects monuments exclusively to honour men. Together with women and men from \u0160kofja Loka who expressed an interest, we conducted research on the women who influenced society in the past. In 2017, we continued with the project to bring forward women from the past, who had and still have an important role in the community, and lived or continue to live their vision to this day. <\/span><\/p><\/div>\n\n\n\n<div class=\"wp-block-stackable-text stk-block-text stk-block stk-f15f8bc\" data-block-id=\"f15f8bc\"><p class=\"stk-block-text__text\"><span style=\"color: #000000;\" class=\"stk-highlight\">The Famous Women of \u0160kofja Loka project grew into an initiative conducted in collaboration with the \u0160kofja Loka Museum, the Ivan Tav\u010dar Library, the Ivan Grohar Primary School, the DUO Craft Centre, and interested members of the community. In 2018, we successfully applied to the municipal tender to set up monuments in the Boulevard of Worthy People of \u0160kofja Loka. And now we have it. In January 2020, the first bust of a woman was set up, dedicated to doctor Marija Bra\u010dko. And so, the boulevard became the Boulevard of Worthy Women and Men of \u0160kofja Loka.<\/span><\/p><\/div>\n<\/div><\/div><\/div>\n\n\n\n<div class=\"wp-block-stackable-column stk-block-column stk-block-column--v2 stk-column stk-block stk-1dc8a62\" data-block-id=\"1dc8a62\"><style>@media screen and (min-width:768px){.stk-1dc8a62{flex:1 1 calc(39.1% - var(--stk-column-gap,0px) * 1 \/ 2 ) !important}}<\/style><div class=\"stk-column-wrapper stk-block-column__content stk-container stk-1dc8a62-container stk--no-background stk--no-padding\"><div class=\"stk-block-content stk-inner-blocks stk-1dc8a62-inner-blocks\">\n<div class=\"wp-block-stackable-image stk-block-image stk-block stk-84cd189\" data-block-id=\"84cd189\"><style>.stk-84cd189 .stk-img-wrapper{width:100% !important;height:350px !important}<\/style><figure class=\"stk-img-wrapper stk-image--shape-stretch\"><img loading=\"lazy\" decoding=\"async\" class=\"stk-img wp-image-83\" src=\"https:\/\/zavod-tri.org\/wp-content\/uploads\/2022\/02\/8.-Marija-Bracko-Jana-Jocif-1.jpg\" width=\"1367\" height=\"2048\" srcset=\"https:\/\/zavod-tri.org\/wp-content\/uploads\/2022\/02\/8.-Marija-Bracko-Jana-Jocif-1.jpg 1367w, https:\/\/zavod-tri.org\/wp-content\/uploads\/2022\/02\/8.-Marija-Bracko-Jana-Jocif-1-200x300.jpg 200w, https:\/\/zavod-tri.org\/wp-content\/uploads\/2022\/02\/8.-Marija-Bracko-Jana-Jocif-1-684x1024.jpg 684w, https:\/\/zavod-tri.org\/wp-content\/uploads\/2022\/02\/8.-Marija-Bracko-Jana-Jocif-1-768x1151.jpg 768w, https:\/\/zavod-tri.org\/wp-content\/uploads\/2022\/02\/8.-Marija-Bracko-Jana-Jocif-1-1025x1536.jpg 1025w\" sizes=\"auto, (max-width: 1367px) 100vw, 1367px\" \/><\/figure><\/div>\n<\/div><\/div><\/div>\n<\/div><\/div>\n\n\n\n<div class=\"wp-block-stackable-columns stk-block-columns stk-block stk-0681921\" data-block-id=\"0681921\"><div class=\"stk-row stk-inner-blocks stk-block-content stk-content-align stk-0681921-column\">\n<div class=\"wp-block-stackable-column stk-block-column stk-block-column--v2 stk-column stk-block stk-59ea56b\" data-block-id=\"59ea56b\"><div class=\"stk-column-wrapper stk-block-column__content stk-container stk-59ea56b-container stk--no-background stk--no-padding\"><div class=\"stk-block-content stk-inner-blocks stk-59ea56b-inner-blocks\">\n<div class=\"wp-block-stackable-image stk-block-image stk-block stk-c815518\" data-block-id=\"c815518\"><style>.stk-c815518 .stk-img-wrapper{height:250px !important}<\/style><figure class=\"stk-img-wrapper stk-image--shape-stretch\"><img loading=\"lazy\" decoding=\"async\" class=\"stk-img wp-image-82\" src=\"https:\/\/zavod-tri.org\/wp-content\/uploads\/2022\/02\/8.-Aleja-znamenitih-Locank-2015-Jana-Jocif-4-scaled.jpg\" width=\"1704\" height=\"2560\" srcset=\"https:\/\/zavod-tri.org\/wp-content\/uploads\/2022\/02\/8.-Aleja-znamenitih-Locank-2015-Jana-Jocif-4-scaled.jpg 1704w, https:\/\/zavod-tri.org\/wp-content\/uploads\/2022\/02\/8.-Aleja-znamenitih-Locank-2015-Jana-Jocif-4-200x300.jpg 200w, https:\/\/zavod-tri.org\/wp-content\/uploads\/2022\/02\/8.-Aleja-znamenitih-Locank-2015-Jana-Jocif-4-682x1024.jpg 682w, https:\/\/zavod-tri.org\/wp-content\/uploads\/2022\/02\/8.-Aleja-znamenitih-Locank-2015-Jana-Jocif-4-768x1154.jpg 768w, https:\/\/zavod-tri.org\/wp-content\/uploads\/2022\/02\/8.-Aleja-znamenitih-Locank-2015-Jana-Jocif-4-1022x1536.jpg 1022w, https:\/\/zavod-tri.org\/wp-content\/uploads\/2022\/02\/8.-Aleja-znamenitih-Locank-2015-Jana-Jocif-4-1363x2048.jpg 1363w, https:\/\/zavod-tri.org\/wp-content\/uploads\/2022\/02\/8.-Aleja-znamenitih-Locank-2015-Jana-Jocif-4-1568x2356.jpg 1568w\" sizes=\"auto, (max-width: 1704px) 100vw, 1704px\" \/><\/figure><\/div>\n<\/div><\/div><\/div>\n\n\n\n<div class=\"wp-block-stackable-column stk-block-column stk-block-column--v2 stk-column stk-block stk-f0e9d22\" data-block-id=\"f0e9d22\"><div class=\"stk-column-wrapper stk-block-column__content stk-container stk-f0e9d22-container stk--no-background stk--no-padding\"><div class=\"stk-block-content stk-inner-blocks stk-f0e9d22-inner-blocks\">\n<div class=\"wp-block-stackable-image stk-block-image stk-block stk-98d41e5\" data-block-id=\"98d41e5\"><style>.stk-98d41e5 .stk-img-wrapper{height:250px !important}<\/style><figure class=\"stk-img-wrapper stk-image--shape-stretch\"><img loading=\"lazy\" decoding=\"async\" class=\"stk-img wp-image-81\" src=\"https:\/\/zavod-tri.org\/wp-content\/uploads\/2022\/02\/8.-Aleja-2015-Jana-Jocif-2-scaled.jpg\" width=\"2560\" height=\"1707\" srcset=\"https:\/\/zavod-tri.org\/wp-content\/uploads\/2022\/02\/8.-Aleja-2015-Jana-Jocif-2-scaled.jpg 2560w, https:\/\/zavod-tri.org\/wp-content\/uploads\/2022\/02\/8.-Aleja-2015-Jana-Jocif-2-300x200.jpg 300w, https:\/\/zavod-tri.org\/wp-content\/uploads\/2022\/02\/8.-Aleja-2015-Jana-Jocif-2-1024x683.jpg 1024w, https:\/\/zavod-tri.org\/wp-content\/uploads\/2022\/02\/8.-Aleja-2015-Jana-Jocif-2-768x512.jpg 768w, https:\/\/zavod-tri.org\/wp-content\/uploads\/2022\/02\/8.-Aleja-2015-Jana-Jocif-2-1536x1024.jpg 1536w, https:\/\/zavod-tri.org\/wp-content\/uploads\/2022\/02\/8.-Aleja-2015-Jana-Jocif-2-2048x1365.jpg 2048w, https:\/\/zavod-tri.org\/wp-content\/uploads\/2022\/02\/8.-Aleja-2015-Jana-Jocif-2-1568x1045.jpg 1568w\" sizes=\"auto, (max-width: 2560px) 100vw, 2560px\" \/><\/figure><\/div>\n<\/div><\/div><\/div>\n<\/div><\/div>\n","protected":false},"excerpt":{"rendered":"<p>Famous Women of \u0160kofja Loka Gender equality In 2015, we set up an art installation as part of the project entitled Boulevard of the Famous Women of \u0160kofja Loka, to &#8230;<\/p>\n","protected":false},"author":2,"featured_media":0,"parent":787,"menu_order":2,"comment_status":"closed","ping_status":"closed","template":"","meta":{"_crdt_document":"","footnotes":""},"class_list":["post-810","page","type-page","status-publish","hentry"],"_links":{"self":[{"href":"https:\/\/zavod-tri.org\/en\/wp-json\/wp\/v2\/pages\/810","targetHints":{"allow":["GET"]}}],"collection":[{"href":"https:\/\/zavod-tri.org\/en\/wp-json\/wp\/v2\/pages"}],"about":[{"href":"https:\/\/zavod-tri.org\/en\/wp-json\/wp\/v2\/types\/page"}],"author":[{"embeddable":true,"href":"https:\/\/zavod-tri.org\/en\/wp-json\/wp\/v2\/users\/2"}],"replies":[{"embeddable":true,"href":"https:\/\/zavod-tri.org\/en\/wp-json\/wp\/v2\/comments?post=810"}],"version-history":[{"count":5,"href":"https:\/\/zavod-tri.org\/en\/wp-json\/wp\/v2\/pages\/810\/revisions"}],"predecessor-version":[{"id":1102,"href":"https:\/\/zavod-tri.org\/en\/wp-json\/wp\/v2\/pages\/810\/revisions\/1102"}],"up":[{"embeddable":true,"href":"https:\/\/zavod-tri.org\/en\/wp-json\/wp\/v2\/pages\/787"}],"wp:attachment":[{"href":"https:\/\/zavod-tri.org\/en\/wp-json\/wp\/v2\/media?parent=810"}],"curies":[{"name":"wp","href":"https:\/\/api.w.org\/{rel}","templated":true}]}}